{"id":59,"date":"2022-09-07T02:45:03","date_gmt":"2022-09-07T02:45:03","guid":{"rendered":"https:\/\/demo.ovatheme.com\/auntri\/?page_id=59"},"modified":"2024-10-29T17:48:58","modified_gmt":"2024-10-29T17:48:58","slug":"news","status":"publish","type":"page","link":"https:\/\/sictec.com.ar\/en\/news\/","title":{"rendered":"News"},"content":{"rendered":"<div data-elementor-type=\"wp-page\" data-elementor-id=\"59\" class=\"elementor elementor-59\">\n\t\t\t\t\t\t<section class=\"elementor-section elementor-top-section elementor-element elementor-element-fbbb53b elementor-section-boxed elementor-section-height-default elementor-section-height-default\" data-id=\"fbbb53b\" data-element_type=\"section\" id=\"noticias\">\n\t\t\t\t\t\t<div class=\"elementor-container elementor-column-gap-no\">\n\t\t\t\t\t<div class=\"elementor-column elementor-col-100 elementor-top-column elementor-element elementor-element-fee3c71\" data-id=\"fee3c71\" data-element_type=\"column\">\n\t\t\t<div class=\"elementor-widget-wrap elementor-element-populated\">\n\t\t\t\t\t\t<div class=\"elementor-element elementor-element-d962bdb elementor-widget elementor-widget-auntri_elementor_heading\" data-id=\"d962bdb\" data-element_type=\"widget\" data-widget_type=\"auntri_elementor_heading.default\">\n\t\t\t\t<div class=\"elementor-widget-container\">\n\t\t\t\n\t\t<div class=\"ova-title\">\n\n\t\t\t\t\t\t\t<h3 class=\"sub-title\">News<\/h3>\n\t\t\t\n\t\t\t\t\t\t\t\n\t\t\t\t\t\t\t\t\t<div class=\"box-title\">\n\t\t\t\t\t\t<div class=\"line-top\"><\/div>\n\t\t\t\t\n\t\t\t\t\t\n\t\t\t\t\t\t<h2 class=\"title\">Discover the latest updates from SIC TEC.<\/h2>\n\n\t\t\t\t\t\n\t\t\t\t\t\t\t\t\t<\/div>\n\t\t\t\t\n\t\t\t\n\t\t\t\n\t\t<\/div>\n\t\t \t\n\t\t\t\t<\/div>\n\t\t\t\t<\/div>\n\t\t\t\t<div class=\"elementor-element elementor-element-5bdd98f elementor-widget elementor-widget-auntri_elementor_blog\" data-id=\"5bdd98f\" data-element_type=\"widget\" data-widget_type=\"auntri_elementor_blog.default\">\n\t\t\t\t<div class=\"elementor-widget-container\">\n\t\t\t\n\t\t\t<ul class=\"ova-blog ova-column_2 version_4\">\n\t\t\t  \t\t\t\t\t  <li class=\"item\">\n\n\t\t\t\t  \t<div class=\"media\">\n\n\t\t\t\t\t  \t\n\t\t\t\t\t  \t<div class=\"box-img\">\n\t\t\t\t\t  \t\t<a href=\"https:\/\/sictec.com.ar\/en\/iso-2024\/\" rel=\"bookmark\" title=\"New ISO Certifications from SICTEC in 2024\">\n\t\t\t\t\t\t\t  \t<img decoding=\"async\" src=\"https:\/\/sictec.com.ar\/wp-content\/uploads\/2024\/10\/logo-nexfid-iso-9001-2015.1721935810.png\" alt=\"Nuevas Certificaciones ISO de SICTEC en 2024\">\n\t\t\t\t\t\t  \t<\/a>\n\t\t\t\t\t  \t<\/div>\t\t  \t\n\t\t\t\t\t  \t\n\t\t\t\t\t  \t\n\t\t\t\t  \t<\/div>\n\n\t\t\t\t  \t<div class=\"content\">\n\t\t\t\t\t\t\t\n\t\t\t\t\t  \t<ul class=\"post-meta\">\n\t\t\t\t\t\t\t\n\t\t\t\t\t\t\t\t\n\t\t\t\t\t\t\t\t\n\t\t\t\t\t\t\t\t\n\t\t\t\t\t\t\t  \t\t\n\t\t\t\t\t\t\t  \t\n\t\t\t\t\t  \t<\/ul>\n\t\t\t\t\t  \n\t\t\t\t\t\t  \t\t\t\t\t\t\t  <h2 class=\"post-title\">\n\t\t\t\t\t\t\t\t  <a href=\"https:\/\/sictec.com.ar\/en\/iso-2024\/\" rel=\"bookmark\" title=\"New ISO Certifications from SICTEC in 2024\">\n\t\t\t\t\t\t\t\t\tNew ISO Certifications from SICTEC in 2024\t\t\t\t\t\t\t\t  <\/a>\n\t\t\t\t\t\t\t  <\/h2>\n\t\t\t\t\t\t  \n\t\t\t\t\t\t  \n\t\t\t\t\t\t  \t\n\n\t\t\t\t\t\t   \t\t\t\t\t\t  <\/div>\n\t\t\t\t\t  \n\t\t\t\t  <\/li>\t\n\t\t\t\t\t  \n\t\t\t  \t\t\t\t  <li class=\"item\">\n\n\t\t\t\t  \t<div class=\"media\">\n\n\t\t\t\t\t  \t\n\t\t\t\t\t  \t<div class=\"box-img\">\n\t\t\t\t\t  \t\t<a href=\"https:\/\/sictec.com.ar\/en\/certification\/\" rel=\"bookmark\" title=\"Certification of accreditation of inspection body\">\n\t\t\t\t\t\t\t  \t<img decoding=\"async\" src=\"https:\/\/sictec.com.ar\/wp-content\/uploads\/2022\/09\/6666.png\" alt=\"Certificaci\u00f3n de acreditaci\u00f3n de organismo de inspecci\u00f3n\">\n\t\t\t\t\t\t  \t<\/a>\n\t\t\t\t\t  \t<\/div>\t\t  \t\n\t\t\t\t\t  \t\n\t\t\t\t\t  \t\n\t\t\t\t  \t<\/div>\n\n\t\t\t\t  \t<div class=\"content\">\n\t\t\t\t\t\t\t\n\t\t\t\t\t  \t<ul class=\"post-meta\">\n\t\t\t\t\t\t\t\n\t\t\t\t\t\t\t\t\n\t\t\t\t\t\t\t\t\n\t\t\t\t\t\t\t\t\n\t\t\t\t\t\t\t  \t\t\n\t\t\t\t\t\t\t  \t\n\t\t\t\t\t  \t<\/ul>\n\t\t\t\t\t  \n\t\t\t\t\t\t  \t\t\t\t\t\t\t  <h2 class=\"post-title\">\n\t\t\t\t\t\t\t\t  <a href=\"https:\/\/sictec.com.ar\/en\/certification\/\" rel=\"bookmark\" title=\"Certification of accreditation of inspection body\">\n\t\t\t\t\t\t\t\t\tCertification of accreditation of inspection body\t\t\t\t\t\t\t\t  <\/a>\n\t\t\t\t\t\t\t  <\/h2>\n\t\t\t\t\t\t  \n\t\t\t\t\t\t  \n\t\t\t\t\t\t  \t\n\n\t\t\t\t\t\t   \t\t\t\t\t\t  <\/div>\n\t\t\t\t\t  \n\t\t\t\t  <\/li>\t\n\t\t\t\t\t  \n\t\t\t  \t\t\t<\/ul>\n\n\t\t\t\t<\/div>\n\t\t\t\t<\/div>\n\t\t\t\t\t<\/div>\n\t\t<\/div>\n\t\t\t\t\t<\/div>\n\t\t<\/section>\n\t\t<div class=\"elementor-element elementor-element-2592a05 e-flex e-con-boxed e-con e-parent\" data-id=\"2592a05\" data-element_type=\"container\" id=\"empleo\">\n\t\t\t\t\t<div class=\"e-con-inner\">\n\t\t\t\t<div class=\"elementor-element elementor-element-8a1a40e elementor-widget elementor-widget-auntri_elementor_heading\" data-id=\"8a1a40e\" data-element_type=\"widget\" data-widget_type=\"auntri_elementor_heading.default\">\n\t\t\t\t<div class=\"elementor-widget-container\">\n\t\t\t\n\t\t<div class=\"ova-title\">\n\n\t\t\t\t\t\t\t<h3 class=\"sub-title\">Jobs<\/h3>\n\t\t\t\n\t\t\t\t\t\t\t\n\t\t\t\t\t\t\t\t\t<div class=\"box-title\">\n\t\t\t\t\t\t<div class=\"line-top\"><\/div>\n\t\t\t\t\n\t\t\t\t\t\n\t\t\t\t\t\t<h6 class=\"title\">Work with us<\/h6>\n\n\t\t\t\t\t\n\t\t\t\t\t\t\t\t\t<\/div>\n\t\t\t\t\n\t\t\t\n\t\t\t\n\t\t<\/div>\n\t\t \t\n\t\t\t\t<\/div>\n\t\t\t\t<\/div>\n\t\t\t\t<div class=\"elementor-element elementor-element-cf8d329 elementor-widget elementor-widget-wpforms\" data-id=\"cf8d329\" data-element_type=\"widget\" data-widget_type=\"wpforms.default\">\n\t\t\t\t<div class=\"elementor-widget-container\">\n\t\t\t<style id=\"wpforms-css-vars-root\">\n\t\t\t\t:root {\n\t\t\t\t\t--wpforms-field-border-radius: 3px;\n--wpforms-field-border-style: solid;\n--wpforms-field-border-size: 1px;\n--wpforms-field-background-color: #ffffff;\n--wpforms-field-border-color: rgba( 0, 0, 0, 0.25 );\n--wpforms-field-border-color-spare: rgba( 0, 0, 0, 0.25 );\n--wpforms-field-text-color: rgba( 0, 0, 0, 0.7 );\n--wpforms-field-menu-color: #ffffff;\n--wpforms-label-color: rgba( 0, 0, 0, 0.85 );\n--wpforms-label-sublabel-color: rgba( 0, 0, 0, 0.55 );\n--wpforms-label-error-color: #d63637;\n--wpforms-button-border-radius: 3px;\n--wpforms-button-border-style: none;\n--wpforms-button-border-size: 1px;\n--wpforms-button-background-color: #066aab;\n--wpforms-button-border-color: #066aab;\n--wpforms-button-text-color: #ffffff;\n--wpforms-page-break-color: #066aab;\n--wpforms-background-image: none;\n--wpforms-background-position: center center;\n--wpforms-background-repeat: no-repeat;\n--wpforms-background-size: cover;\n--wpforms-background-width: 100px;\n--wpforms-background-height: 100px;\n--wpforms-background-color: rgba( 0, 0, 0, 0 );\n--wpforms-background-url: none;\n--wpforms-container-padding: 0px;\n--wpforms-container-border-style: none;\n--wpforms-container-border-width: 1px;\n--wpforms-container-border-color: #000000;\n--wpforms-container-border-radius: 3px;\n--wpforms-field-size-input-height: 43px;\n--wpforms-field-size-input-spacing: 15px;\n--wpforms-field-size-font-size: 16px;\n--wpforms-field-size-line-height: 19px;\n--wpforms-field-size-padding-h: 14px;\n--wpforms-field-size-checkbox-size: 16px;\n--wpforms-field-size-sublabel-spacing: 5px;\n--wpforms-field-size-icon-size: 1;\n--wpforms-label-size-font-size: 16px;\n--wpforms-label-size-line-height: 19px;\n--wpforms-label-size-sublabel-font-size: 14px;\n--wpforms-label-size-sublabel-line-height: 17px;\n--wpforms-button-size-font-size: 17px;\n--wpforms-button-size-height: 41px;\n--wpforms-button-size-padding-h: 15px;\n--wpforms-button-size-margin-top: 10px;\n--wpforms-container-shadow-size-box-shadow: none;\n\n\t\t\t\t}\n\t\t\t<\/style><style id=\"wpforms-css-vars-elementor-widget-cf8d329\">\n\t\t\t\t.elementor-widget-wpforms.elementor-element-cf8d329 {\n\t\t\t\t\t--wpforms-button-background-color: #E4A118;\n--wpforms-field-size-input-height: 43px;\n--wpforms-field-size-input-spacing: 15px;\n--wpforms-field-size-font-size: 16px;\n--wpforms-field-size-line-height: 19px;\n--wpforms-field-size-padding-h: 14px;\n--wpforms-field-size-checkbox-size: 16px;\n--wpforms-field-size-sublabel-spacing: 5px;\n--wpforms-field-size-icon-size: 1;\n--wpforms-label-size-font-size: 16px;\n--wpforms-label-size-line-height: 19px;\n--wpforms-label-size-sublabel-font-size: 14px;\n--wpforms-label-size-sublabel-line-height: 17px;\n--wpforms-button-size-font-size: 17px;\n--wpforms-button-size-height: 41px;\n--wpforms-button-size-padding-h: 15px;\n--wpforms-button-size-margin-top: 10px;\n\n\t\t\t\t}\n\t\t\t<\/style><div class=\"wpforms-container wpforms-container-full wpforms-render-modern\" id=\"wpforms-8911\"><form id=\"wpforms-form-8911\" class=\"wpforms-validate wpforms-form wpforms-ajax-form\" data-formid=\"8911\" method=\"post\" enctype=\"multipart\/form-data\" action=\"\/wp-json\/wp\/v2\/pages\/59\" data-token=\"7461dc26b73b9810dd693e88c1b18f37\" data-token-time=\"1776714312\" data-trp-original-action=\"\/en\/wp-json\/wp\/v2\/pages\/59?wpforms_form_id=8911\"><noscript class=\"wpforms-error-noscript\">Please enable JavaScript in your browser to complete this form.<\/noscript><div class=\"wpforms-hidden\" id=\"wpforms-error-noscript\">Please enable JavaScript in your browser to complete this form.<\/div><div class=\"wpforms-field-container\"><div id=\"wpforms-8911-field_1-container\" class=\"wpforms-field wpforms-field-name\" data-field-id=\"1\"><fieldset><legend class=\"wpforms-field-label\">Name <span class=\"wpforms-required-label\" aria-hidden=\"true\">*<\/span><\/legend><div class=\"wpforms-field-row wpforms-field-medium\"><div class=\"wpforms-field-row-block wpforms-first wpforms-one-half\"><input type=\"text\" id=\"wpforms-8911-field_1\" class=\"wpforms-field-name-first wpforms-field-required\" name=\"wpforms[fields][1][first]\" aria-errormessage=\"wpforms-8911-field_1-error\" required><label for=\"wpforms-8911-field_1\" class=\"wpforms-field-sublabel after\">First<\/label><\/div><div class=\"wpforms-field-row-block wpforms-one-half\"><input type=\"text\" id=\"wpforms-8911-field_1-last\" class=\"wpforms-field-name-last wpforms-field-required\" name=\"wpforms[fields][1][last]\" aria-errormessage=\"wpforms-8911-field_1-last-error\" required><label for=\"wpforms-8911-field_1-last\" class=\"wpforms-field-sublabel after\">Last<\/label><\/div><\/div><\/fieldset><\/div><div id=\"wpforms-8911-field_2-container\" class=\"wpforms-field wpforms-field-email\" data-field-id=\"2\"><label class=\"wpforms-field-label\" for=\"wpforms-8911-field_2\">Email <span class=\"wpforms-required-label\" aria-hidden=\"true\">*<\/span><\/label><input type=\"email\" id=\"wpforms-8911-field_2\" class=\"wpforms-field-medium wpforms-field-required\" name=\"wpforms[fields][2]\" spellcheck=\"false\" aria-errormessage=\"wpforms-8911-field_2-error\" required><\/div><div id=\"wpforms-8911-field_3-container\" class=\"wpforms-field wpforms-field-file-upload\" data-field-id=\"3\"><label class=\"wpforms-field-label\" for=\"wpforms-8911-field_3\">Resume<\/label><div\n\t\tclass=\"wpforms-uploader\"\n\t\tdata-field-id=\"3\"\n\t\tdata-form-id=\"8911\"\n\t\tdata-input-name=\"wpforms_8911_3\"\n\t\tdata-extensions=\"jpg,jpeg,jpe,gif,png,bmp,tiff,tif,webp,avif,ico,heic,asf,asx,wmv,wmx,wm,avi,divx,mov,qt,mpeg,mpg,mpe,mp4,m4v,ogv,webm,mkv,3gp,3gpp,3g2,3gp2,txt,asc,c,cc,h,srt,csv,tsv,ics,rtx,css,vtt,mp3,m4a,m4b,aac,ra,ram,wav,ogg,oga,flac,mid,midi,wma,wax,mka,rtf,pdf,class,tar,zip,gz,gzip,rar,7z,psd,xcf,doc,pot,pps,ppt,wri,xla,xls,xlt,xlw,mpp,docx,docm,dotx,dotm,xlsx,xlsm,xlsb,xltx,xltm,xlam,pptx,pptm,ppsx,ppsm,potx,potm,ppam,sldx,sldm,onetoc,onetoc2,onepkg,oxps,xps,odt,odp,ods,odg,odc,odb,odf,wp,wpd,key,numbers,pages,svg\"\n\t\tdata-max-size=\"268435456\"\n\t\tdata-max-file-number=\"1\"\n\t\tdata-post-max-size=\"268435456\"\n\t\tdata-max-parallel-uploads=\"4\"\n\t\tdata-parallel-uploads=\"true\"\n\t\tdata-file-chunk-size=\"2097152\">\n\t<div class=\"dz-message\">\n\t\t<svg viewbox=\"0 0 1024 1024\" focusable=\"false\" data-icon=\"inbox\" width=\"50px\" height=\"50px\" fill=\"currentColor\" aria-hidden=\"true\">\n\t\t\t<path d=\"M885.2 446.3l-.2-.8-112.2-285.1c-5-16.1-19.9-27.2-36.8-27.2H281.2c-17 0-32.1 11.3-36.9 27.6L139.4 443l-.3.7-.2.8c-1.3 4.9-1.7 9.9-1 14.8-.1 1.6-.2 3.2-.2 4.8V830a60.9 60.9 0 0 0 60.8 60.8h627.2c33.5 0 60.8-27.3 60.9-60.8V464.1c0-1.3 0-2.6-.1-3.7.4-4.9 0-9.6-1.3-14.1zm-295.8-43l-.3 15.7c-.8 44.9-31.8 75.1-77.1 75.1-22.1 0-41.1-7.1-54.8-20.6S436 441.2 435.6 419l-.3-15.7H229.5L309 210h399.2l81.7 193.3H589.4zm-375 76.8h157.3c24.3 57.1 76 90.8 140.4 90.8 33.7 0 65-9.4 90.3-27.2 22.2-15.6 39.5-37.4 50.7-63.6h156.5V814H214.4V480.1z\"><\/path>\n\t\t<\/svg>\n\t\t<span class=\"modern-title\">Click or drag a file to this area to upload.<\/span>\n\n\t\t\t<\/div>\n<\/div>\n<input\n\t\ttype=\"text\"\n\t\tautocomplete=\"off\"\n\t\treadonly\n\t\tclass=\"dropzone-input\"\n\t\tstyle=\"position:absolute!important;clip:rect(0,0,0,0)!important;height:1px!important;width:1px!important;border:0!important;overflow:hidden!important;padding:0!important;margin:0!important;\"\n\t\tid=\"wpforms-8911-field_3\"\n\t\tname=\"wpforms_8911_3\" \t\tvalue=\"\">\n<\/div><\/div><!-- .wpforms-field-container --><div class=\"wpforms-submit-container\" ><input type=\"hidden\" name=\"wpforms[id]\" value=\"8911\"><input type=\"hidden\" name=\"page_title\" value=\"\"><input type=\"hidden\" name=\"page_url\" value=\"https:\/\/sictec.com.ar\/en\/wp-json\/wp\/v2\/pages\/59\"><button type=\"submit\" name=\"wpforms[submit]\" id=\"wpforms-submit-8911\" class=\"wpforms-submit\" data-alt-text=\"Enviando...\" data-submit-text=\"Enviar\" aria-live=\"assertive\" value=\"wpforms-submit\">Send<\/button><img decoding=\"async\" src=\"https:\/\/sictec.com.ar\/wp-content\/plugins\/wpforms\/assets\/images\/submit-spin.svg\" class=\"wpforms-submit-spinner\" style=\"display: none;\" width=\"26\" height=\"26\" alt=\"Loading\"><\/div><input type=\"hidden\" name=\"trp-form-language\" value=\"en\"\/><\/form><\/div>  <!-- .wpforms-container -->\t\t<\/div>\n\t\t\t\t<\/div>\n\t\t\t\t\t<\/div>\n\t\t\t\t<\/div>\n\t\t<div class=\"elementor-element elementor-element-92b917f e-flex e-con-boxed e-con e-parent\" data-id=\"92b917f\" data-element_type=\"container\">\n\t\t\t\t\t<div class=\"e-con-inner\">\n\t\t\t\t<div class=\"elementor-element elementor-element-8f29947 elementor-widget elementor-widget-html\" data-id=\"8f29947\" data-element_type=\"widget\" data-widget_type=\"html.default\">\n\t\t\t\t<div class=\"elementor-widget-container\">\n\t\t\t<style>\n  .ova-blog.version_4 .item .media a img {\n    height: auto !important;\n\t  width: 400px !important;\n}\n<\/style>\t\t<\/div>\n\t\t\t\t<\/div>\n\t\t\t\t\t<\/div>\n\t\t\t\t<\/div>\n\t\t\t\t<\/div>","protected":false},"excerpt":{"rendered":"<p>Noticias Descubre las \u00faltimas actualizaciones de SIC TEC. Nuevas Certificaciones ISO de SICTEC en 2024 Certificaci\u00f3n de acreditaci\u00f3n de organismo de inspecci\u00f3n Empleos Trabaj\u00e1 con nosotros Por favor, activa JavaScript en tu navegador para completar este formulario.Por favor, activa JavaScript en tu navegador para completar este formulario. Nombre * NombreApellidos Correo electr\u00f3nico *Curriculum Vitae Haz [&hellip;]<\/p>","protected":false},"author":1,"featured_media":0,"parent":0,"menu_order":0,"comment_status":"closed","ping_status":"closed","template":"","meta":{"_monsterinsights_skip_tracking":false,"_monsterinsights_sitenote_active":false,"_monsterinsights_sitenote_note":"","_monsterinsights_sitenote_category":0,"footnotes":""},"class_list":["post-59","page","type-page","status-publish","hentry"],"aioseo_notices":[],"_links":{"self":[{"href":"https:\/\/sictec.com.ar\/en\/wp-json\/wp\/v2\/pages\/59"}],"collection":[{"href":"https:\/\/sictec.com.ar\/en\/wp-json\/wp\/v2\/pages"}],"about":[{"href":"https:\/\/sictec.com.ar\/en\/wp-json\/wp\/v2\/types\/page"}],"author":[{"embeddable":true,"href":"https:\/\/sictec.com.ar\/en\/wp-json\/wp\/v2\/users\/1"}],"replies":[{"embeddable":true,"href":"https:\/\/sictec.com.ar\/en\/wp-json\/wp\/v2\/comments?post=59"}],"version-history":[{"count":34,"href":"https:\/\/sictec.com.ar\/en\/wp-json\/wp\/v2\/pages\/59\/revisions"}],"predecessor-version":[{"id":9276,"href":"https:\/\/sictec.com.ar\/en\/wp-json\/wp\/v2\/pages\/59\/revisions\/9276"}],"wp:attachment":[{"href":"https:\/\/sictec.com.ar\/en\/wp-json\/wp\/v2\/media?parent=59"}],"curies":[{"name":"wp","href":"https:\/\/api.w.org\/{rel}","templated":true}]}}