{"id":1946,"date":"2022-09-15T09:29:25","date_gmt":"2022-09-15T09:29:25","guid":{"rendered":"https:\/\/demo.ovatheme.com\/auntri\/?page_id=1946"},"modified":"2024-10-17T02:13:42","modified_gmt":"2024-10-17T02:13:42","slug":"construction-services","status":"publish","type":"page","link":"https:\/\/sictec.com.ar\/en\/construction-services\/","title":{"rendered":"Services"},"content":{"rendered":"<div data-elementor-type=\"wp-page\" data-elementor-id=\"1946\" class=\"elementor elementor-1946\">\n\t\t\t\t\t\t<section class=\"elementor-section elementor-top-section elementor-element elementor-element-5efba63 elementor-section-boxed elementor-section-height-default elementor-section-height-default\" data-id=\"5efba63\" data-element_type=\"section\">\n\t\t\t\t\t\t<div class=\"elementor-container elementor-column-gap-default\">\n\t\t\t\t\t<div class=\"elementor-column elementor-col-100 elementor-top-column elementor-element elementor-element-17cf975\" data-id=\"17cf975\" data-element_type=\"column\">\n\t\t\t<div class=\"elementor-widget-wrap elementor-element-populated\">\n\t\t\t\t\t\t<div class=\"elementor-element elementor-element-55d2d63 elementor-widget elementor-widget-ovasev_elementor_service_box\" data-id=\"55d2d63\" data-element_type=\"widget\" data-widget_type=\"ovasev_elementor_service_box.default\">\n\t\t\t\t<div class=\"elementor-widget-container\">\n\t\t\t\n<div class=\"ova-service-box-elementor three_column\">\n\n\t\n\t\t\n\n\t<div class=\"ova-service-box-template ova-service-box-template1\">\n\n\t\t<div class=\"square\"><\/div>\n\t\t\n\t    <div class=\"img-service\">\n\n\t    \t<a href=\"https:\/\/sictec.com.ar\/en\/services\/industrial-manufacturing\/\"  title=\"Multi-speciality and turnkey works\">\n\t    \t\t<img decoding=\"async\" src=\"https:\/\/sictec.com.ar\/wp-content\/uploads\/2024\/10\/2021-02-oil-and-gas-digital-hero-550x419.webp\" alt=\"Obras Multi especialidad y llave en mano\">\n\t    \t<\/a>\n\n\t    \t\t\t\t\t<div class=\"icon\">\n\t\t\t\t\t<i class=\"flaticon-factory-3\"><\/i>\n\t\t\t\t<\/div>\n\t\t\t\t    <\/div>\n\t    \n\t    <div class=\"info\">\n\n\t    \t<a href=\"https:\/\/sictec.com.ar\/en\/services\/industrial-manufacturing\/\"  title=\"Multi-speciality and turnkey works\">\n\n\t\t        \t\t\t\t\t<h4 class=\"title\">\n\t\t\t\t\t\tMulti-speciality and turnkey works\t\t\t\t\t<\/h4>\n\t\t\t\t\n\t\t\t<\/a>\n\n\t\t\t<a class=\"next-button\" href=\"https:\/\/sictec.com.ar\/en\/services\/industrial-manufacturing\/\"  title=\"Multi-speciality and turnkey works\">\n\t\t\t\t<i aria-hidden=\"true\" class=\"flaticon flaticon-right-arrow\"><\/i>\n\t\t\t<\/a>\n\n\t    <\/div>\n\n\t<\/div>\n\t\n\t\t\n\n\t<div class=\"ova-service-box-template ova-service-box-template1\">\n\n\t\t<div class=\"square\"><\/div>\n\t\t\n\t    <div class=\"img-service\">\n\n\t    \t<a href=\"https:\/\/sictec.com.ar\/en\/services\/engineering-solutions\/\"  title=\"Engineering Services\">\n\t    \t\t<img decoding=\"async\" src=\"https:\/\/sictec.com.ar\/wp-content\/uploads\/2022\/09\/engineer-1-550x470.png\" alt=\"Servicios de Ingenier\u00eda\">\n\t    \t<\/a>\n\n\t    \t\t\t\t\t<div class=\"icon\">\n\t\t\t\t\t<i class=\"flaticon-engineering\"><\/i>\n\t\t\t\t<\/div>\n\t\t\t\t    <\/div>\n\t    \n\t    <div class=\"info\">\n\n\t    \t<a href=\"https:\/\/sictec.com.ar\/en\/services\/engineering-solutions\/\"  title=\"Engineering Services\">\n\n\t\t        \t\t\t\t\t<h4 class=\"title\">\n\t\t\t\t\t\tEngineering Services\t\t\t\t\t<\/h4>\n\t\t\t\t\n\t\t\t<\/a>\n\n\t\t\t<a class=\"next-button\" href=\"https:\/\/sictec.com.ar\/en\/services\/engineering-solutions\/\"  title=\"Engineering Services\">\n\t\t\t\t<i aria-hidden=\"true\" class=\"flaticon flaticon-right-arrow\"><\/i>\n\t\t\t<\/a>\n\n\t    <\/div>\n\n\t<\/div>\n\t\n\t\t\n\n\t<div class=\"ova-service-box-template ova-service-box-template1\">\n\n\t\t<div class=\"square\"><\/div>\n\t\t\n\t    <div class=\"img-service\">\n\n\t    \t<a href=\"https:\/\/sictec.com.ar\/en\/services\/building-maintenance\/\"  title=\"Inspection of Lifting Equipment\">\n\t    \t\t<img decoding=\"async\" src=\"https:\/\/sictec.com.ar\/wp-content\/uploads\/2022\/09\/grua2-452x470.png\" alt=\"Inspecci\u00f3n de Equipos de Izaje\">\n\t    \t<\/a>\n\n\t    \t\t\t\t\t<div class=\"icon\">\n\t\t\t\t\t<i class=\"flaticon-maintenance\"><\/i>\n\t\t\t\t<\/div>\n\t\t\t\t    <\/div>\n\t    \n\t    <div class=\"info\">\n\n\t    \t<a href=\"https:\/\/sictec.com.ar\/en\/services\/building-maintenance\/\"  title=\"Inspection of Lifting Equipment\">\n\n\t\t        \t\t\t\t\t<h4 class=\"title\">\n\t\t\t\t\t\tInspection of Lifting Equipment\t\t\t\t\t<\/h4>\n\t\t\t\t\n\t\t\t<\/a>\n\n\t\t\t<a class=\"next-button\" href=\"https:\/\/sictec.com.ar\/en\/services\/building-maintenance\/\"  title=\"Inspection of Lifting Equipment\">\n\t\t\t\t<i aria-hidden=\"true\" class=\"flaticon flaticon-right-arrow\"><\/i>\n\t\t\t<\/a>\n\n\t    <\/div>\n\n\t<\/div>\n\t\n\t\t\n\n\t<div class=\"ova-service-box-template ova-service-box-template1\">\n\n\t\t<div class=\"square\"><\/div>\n\t\t\n\t    <div class=\"img-service\">\n\n\t    \t<a href=\"https:\/\/sictec.com.ar\/en\/services\/factory-production\/\"  title=\"Inspection Project Management\">\n\t    \t\t<img decoding=\"async\" src=\"https:\/\/sictec.com.ar\/wp-content\/uploads\/2022\/09\/ST-3455-07-550x470.jpg\" alt=\"Gesti\u00f3n Integral de Proyectos\">\n\t    \t<\/a>\n\n\t    \t\t\t\t\t<div class=\"icon\">\n\t\t\t\t\t<i class=\"flaticon-factory\"><\/i>\n\t\t\t\t<\/div>\n\t\t\t\t    <\/div>\n\t    \n\t    <div class=\"info\">\n\n\t    \t<a href=\"https:\/\/sictec.com.ar\/en\/services\/factory-production\/\"  title=\"Inspection Project Management\">\n\n\t\t        \t\t\t\t\t<h4 class=\"title\">\n\t\t\t\t\t\tInspection Project Management\t\t\t\t\t<\/h4>\n\t\t\t\t\n\t\t\t<\/a>\n\n\t\t\t<a class=\"next-button\" href=\"https:\/\/sictec.com.ar\/en\/services\/factory-production\/\"  title=\"Inspection Project Management\">\n\t\t\t\t<i aria-hidden=\"true\" class=\"flaticon flaticon-right-arrow\"><\/i>\n\t\t\t<\/a>\n\n\t    <\/div>\n\n\t<\/div>\n\t\n\t\t\n\n\t<div class=\"ova-service-box-template ova-service-box-template1\">\n\n\t\t<div class=\"square\"><\/div>\n\t\t\n\t    <div class=\"img-service\">\n\n\t    \t<a href=\"https:\/\/sictec.com.ar\/en\/services\/refinery-machinery\/\"  title=\"Inspection Services\">\n\t    \t\t<img decoding=\"async\" src=\"https:\/\/sictec.com.ar\/wp-content\/uploads\/2022\/09\/inspeccion-2-550x470.jpg\" alt=\"Servicios de Inspecci\u00f3n\">\n\t    \t<\/a>\n\n\t    \t\t\t\t\t<div class=\"icon\">\n\t\t\t\t\t<i class=\"flaticon-assembly\"><\/i>\n\t\t\t\t<\/div>\n\t\t\t\t    <\/div>\n\t    \n\t    <div class=\"info\">\n\n\t    \t<a href=\"https:\/\/sictec.com.ar\/en\/services\/refinery-machinery\/\"  title=\"Inspection Services\">\n\n\t\t        \t\t\t\t\t<h4 class=\"title\">\n\t\t\t\t\t\tInspection Services\t\t\t\t\t<\/h4>\n\t\t\t\t\n\t\t\t<\/a>\n\n\t\t\t<a class=\"next-button\" href=\"https:\/\/sictec.com.ar\/en\/services\/refinery-machinery\/\"  title=\"Inspection Services\">\n\t\t\t\t<i aria-hidden=\"true\" class=\"flaticon flaticon-right-arrow\"><\/i>\n\t\t\t<\/a>\n\n\t    <\/div>\n\n\t<\/div>\n\t\n<\/div>\t\t<\/div>\n\t\t\t\t<\/div>\n\t\t\t\t\t<\/div>\n\t\t<\/div>\n\t\t\t\t\t<\/div>\n\t\t<\/section>\n\t\t\t\t<\/div>","protected":false},"excerpt":{"rendered":"<p>Obras Multi especialidad y llave en mano Servicios de Ingenier\u00eda Gesti\u00f3n Integral de Proyectos Servicios de Inspecci\u00f3n Inspecci\u00f3n de Equipos de Izaje<\/p>","protected":false},"author":1,"featured_media":0,"parent":0,"menu_order":0,"comment_status":"closed","ping_status":"closed","template":"elementor_header_footer","meta":{"_monsterinsights_skip_tracking":false,"_monsterinsights_sitenote_active":false,"_monsterinsights_sitenote_note":"","_monsterinsights_sitenote_category":0,"footnotes":""},"class_list":["post-1946","page","type-page","status-publish","hentry"],"aioseo_notices":[],"_links":{"self":[{"href":"https:\/\/sictec.com.ar\/en\/wp-json\/wp\/v2\/pages\/1946"}],"collection":[{"href":"https:\/\/sictec.com.ar\/en\/wp-json\/wp\/v2\/pages"}],"about":[{"href":"https:\/\/sictec.com.ar\/en\/wp-json\/wp\/v2\/types\/page"}],"author":[{"embeddable":true,"href":"https:\/\/sictec.com.ar\/en\/wp-json\/wp\/v2\/users\/1"}],"replies":[{"embeddable":true,"href":"https:\/\/sictec.com.ar\/en\/wp-json\/wp\/v2\/comments?post=1946"}],"version-history":[{"count":10,"href":"https:\/\/sictec.com.ar\/en\/wp-json\/wp\/v2\/pages\/1946\/revisions"}],"predecessor-version":[{"id":8782,"href":"https:\/\/sictec.com.ar\/en\/wp-json\/wp\/v2\/pages\/1946\/revisions\/8782"}],"wp:attachment":[{"href":"https:\/\/sictec.com.ar\/en\/wp-json\/wp\/v2\/media?parent=1946"}],"curies":[{"name":"wp","href":"https:\/\/api.w.org\/{rel}","templated":true}]}}